{"id":355,"date":"2019-04-10T06:38:46","date_gmt":"2019-04-10T04:38:46","guid":{"rendered":"https:\/\/www.madomotic.fr\/?post_type=product&#038;p=355"},"modified":"2025-08-22T11:25:18","modified_gmt":"2025-08-22T09:25:18","slug":"super-light-alarm-slam-switch","status":"publish","type":"product","link":"https:\/\/www.madomotic.fr\/index.php\/produit\/super-light-alarm-slam-switch\/","title":{"rendered":"WiFi Small Light AlarM &#8211; W-SLAM-Switch"},"content":{"rendered":"<p>T\u00e9moin lumineux fonctionnant en WiFi avec interrupteur tactile, pilotable par une box domotique comme l\u2019eedomus, Jeedom, Domoticz, \u2026, ou par un IPX.<\/p>\n<p>Bas\u00e9 sur un ESP8266, il est \u00e9quip\u00e9 de 12 leds WS2812B 5050.<\/p>\n<p>Il peut \u00eatre pos\u00e9 sur un meuble, un r\u00e9frig\u00e9rateur, un mur.<\/p>\n<p>Il est aimant\u00e9, fourni avec un second aimant adh\u00e9sif.<\/p>\n<p>Il est \u00e9galement fourni avec une alimentation 5 volts 2 amp\u00e8res.<br \/>\nConsommation maximum : 525 mA.<\/p>\n<p>Envoyez-nous un message pour choisir la couleur d&#8217;acquittement de la led de l&#8217;interrupteur (au choix bleu, vert, rouge ou jaune), sinon nous vous enverrons une couleur al\u00e9atoire.<\/p>\n<p>Les d\u00e9lais de fabrication et d&#8217;assemblage sont de 24 \u00e0 48 heures.<\/p>\n<p>Configuration facile par un navigateur internet, avec un PC, smartphone ou tablette.<\/p>\n<p>De nombreuses API sont disponibles pour une interface avec des box domotiques.<\/p>\n<p>Mises \u00e0 jour gratuites quand de nouvelles fonctionnalit\u00e9s sont disponibles.<\/p>\n<p>Usages :<\/p>\n<ul>\n<li>t\u00e9moin bien s\u00fbr avec le choix de la couleur des leds selon la nature,<\/li>\n<li>acquitter un \u00e9tat avec l\u2019interrupteur,<\/li>\n<li>activer un actionneur,<\/li>\n<li>veilleuse domotique de nuit pour les enfants ou pour baliser une pi\u00e8ce,<\/li>\n<li>appel d&#8217;urgence pour les personnes d\u00e9pendantes,<\/li>\n<li>et toute votre imagination.<\/li>\n<\/ul>\n<div style=\"width: 640px;\" class=\"wp-video\"><!--[if lt IE 9]><script>document.createElement('video');<\/script><![endif]-->\n<video class=\"wp-video-shortcode\" id=\"video-355-1\" width=\"640\" height=\"480\" loop=\"1\" autoplay=\"1\" preload=\"auto\" controls=\"controls\"><source type=\"video\/mp4\" src=\"https:\/\/www.madomotic.fr\/wp-content\/uploads\/2021\/09\/Small-Light-AlarM-SLAM-Switch.mp4?_=1\" \/><a href=\"https:\/\/www.madomotic.fr\/wp-content\/uploads\/2021\/09\/Small-Light-AlarM-SLAM-Switch.mp4\">https:\/\/www.madomotic.fr\/wp-content\/uploads\/2021\/09\/Small-Light-AlarM-SLAM-Switch.mp4<\/a><\/video><\/div>\n<figure id=\"attachment_5879\" aria-describedby=\"caption-attachment-5879\" style=\"width: 765px\" class=\"wp-caption alignnone\"><img fetchpriority=\"high\" decoding=\"async\" class=\"wp-image-5879 size-full\" src=\"https:\/\/i0.wp.com\/www.madomotic.fr\/wp-content\/uploads\/2021\/09\/Small-Light-AlarM-SLAM-Switch.jpg?resize=765%2C535&#038;ssl=1\" alt=\"Small Light AlarM SLAM-Switch\" width=\"765\" height=\"535\" srcset=\"https:\/\/i0.wp.com\/www.madomotic.fr\/wp-content\/uploads\/2021\/09\/Small-Light-AlarM-SLAM-Switch.jpg?w=765&amp;ssl=1 765w, https:\/\/i0.wp.com\/www.madomotic.fr\/wp-content\/uploads\/2021\/09\/Small-Light-AlarM-SLAM-Switch.jpg?resize=600%2C420&amp;ssl=1 600w\" sizes=\"(max-width: 765px) 100vw, 765px\" data-recalc-dims=\"1\" \/><figcaption id=\"caption-attachment-5879\" class=\"wp-caption-text\">Small Light AlarM SLAM-Switch<\/figcaption><\/figure>\n<p><a href=\"https:\/\/www.madomotic.fr\/index.php\/2021\/08\/22\/nouvelle-gamme-des-voyants-lumineux-light-alarm-lam\/\" target=\"_blank\" rel=\"noopener noreferrer\">Plus de d\u00e9tails sur les fonctionnalit\u00e9s et API<\/a>.<\/p>\n","protected":false},"excerpt":{"rendered":"<p>T\u00e9moin lumineux fonctionnant en WiFi avec interrupteur tactile, pilotable par une box domotique comme l\u2019eedomus, Jeedom, Domoticz, \u2026, ou par un IPX.<\/p>\n","protected":false},"featured_media":5896,"comment_status":"open","ping_status":"closed","template":"","meta":[],"product_cat":[20,25],"product_tag":[],"jetpack_sharing_enabled":true,"jetpack-related-posts":[],"_links":{"self":[{"href":"https:\/\/www.madomotic.fr\/index.php\/wp-json\/wp\/v2\/product\/355"}],"collection":[{"href":"https:\/\/www.madomotic.fr\/index.php\/wp-json\/wp\/v2\/product"}],"about":[{"href":"https:\/\/www.madomotic.fr\/index.php\/wp-json\/wp\/v2\/types\/product"}],"replies":[{"embeddable":true,"href":"https:\/\/www.madomotic.fr\/index.php\/wp-json\/wp\/v2\/comments?post=355"}],"wp:featuredmedia":[{"embeddable":true,"href":"https:\/\/www.madomotic.fr\/index.php\/wp-json\/wp\/v2\/media\/5896"}],"wp:attachment":[{"href":"https:\/\/www.madomotic.fr\/index.php\/wp-json\/wp\/v2\/media?parent=355"}],"wp:term":[{"taxonomy":"product_cat","embeddable":true,"href":"https:\/\/www.madomotic.fr\/index.php\/wp-json\/wp\/v2\/product_cat?post=355"},{"taxonomy":"product_tag","embeddable":true,"href":"https:\/\/www.madomotic.fr\/index.php\/wp-json\/wp\/v2\/product_tag?post=355"}],"curies":[{"name":"wp","href":"https:\/\/api.w.org\/{rel}","templated":true}]}}