{"id":271,"date":"2019-02-08T11:24:10","date_gmt":"2019-02-08T10:24:10","guid":{"rendered":"https:\/\/www.madomotic.fr\/?post_type=product&#038;p=271"},"modified":"2025-07-13T16:20:23","modified_gmt":"2025-07-13T14:20:23","slug":"light-alarm-lam","status":"publish","type":"product","link":"https:\/\/www.madomotic.fr\/index.php\/produit\/light-alarm-lam\/","title":{"rendered":"WiFi Light AlarM &#8211; W-LAM"},"content":{"rendered":"<p><strong>Produit \u00e9puis\u00e9.<\/strong><\/p>\n<p>T\u00e9moin lumineux fonctionnant en WiFi, pilotable par une box domotique comme l\u2019eedomus, Jeedom, Domoticz, \u2026, ou par un IPX.<\/p>\n<p>Bas\u00e9 sur un ESP8266, il est \u00e9quip\u00e9 de 7 leds WS2812B 3535.<\/p>\n<p>Il peut \u00eatre pos\u00e9 sur un meuble, un r\u00e9frig\u00e9rateur, un mur.<\/p>\n<p>Il est aimant\u00e9, fourni avec un second aimant adh\u00e9sif.<\/p>\n<p>Il est \u00e9galement fourni avec une alimentation 5 volts 2 amp\u00e8res.<br \/>\nConsommation maximum : 315 mA.<br \/>\nLongueur du c\u00e2ble USB\u00a0: 1 m.<\/p>\n<p>Configuration facile par un navigateur internet, avec un PC, smartphone ou tablette.<\/p>\n<p>De nombreuses API sont disponibles pour une interface avec des box domotiques.<\/p>\n<p>Mises \u00e0 jour gratuites quand de nouvelles fonctionnalit\u00e9s sont disponibles.<\/p>\n<p>Usages :<\/p>\n<ul>\n<li>t\u00e9moin alarme,<\/li>\n<li>m\u00e9t\u00e9o de demain,<\/li>\n<li>\u00e9tat de la circulation routi\u00e8re,<\/li>\n<li>indicateur d\u2019arrosage ext\u00e9rieur,<\/li>\n<li>veilleuse domotis\u00e9e de nuit pour les enfants ou pour baliser une pi\u00e8ce,<\/li>\n<li>t\u00e9moin sonnette pour les personnes malentendantes,<\/li>\n<li>r\u00e9veil lumineux,<\/li>\n<li>et toute votre imagination.<\/li>\n<\/ul>\n<div style=\"width: 640px;\" class=\"wp-video\"><!--[if lt IE 9]><script>document.createElement('video');<\/script><![endif]-->\n<video class=\"wp-video-shortcode\" id=\"video-271-1\" width=\"640\" height=\"480\" loop=\"1\" autoplay=\"1\" preload=\"auto\" controls=\"controls\"><source type=\"video\/mp4\" src=\"https:\/\/www.madomotic.fr\/wp-content\/uploads\/2021\/09\/Light-AlarM-LAM.mp4?_=1\" \/><a href=\"https:\/\/www.madomotic.fr\/wp-content\/uploads\/2021\/09\/Light-AlarM-LAM.mp4\">https:\/\/www.madomotic.fr\/wp-content\/uploads\/2021\/09\/Light-AlarM-LAM.mp4<\/a><\/video><\/div>\n<figure id=\"attachment_5884\" aria-describedby=\"caption-attachment-5884\" style=\"width: 775px\" class=\"wp-caption alignnone\"><img fetchpriority=\"high\" decoding=\"async\" class=\"wp-image-5884 size-full\" src=\"https:\/\/i0.wp.com\/www.madomotic.fr\/wp-content\/uploads\/2021\/09\/Light-AlarM-LAM.jpg?resize=775%2C495&#038;ssl=1\" alt=\"Light AlarM LAM\" width=\"775\" height=\"495\" srcset=\"https:\/\/i0.wp.com\/www.madomotic.fr\/wp-content\/uploads\/2021\/09\/Light-AlarM-LAM.jpg?w=775&amp;ssl=1 775w, https:\/\/i0.wp.com\/www.madomotic.fr\/wp-content\/uploads\/2021\/09\/Light-AlarM-LAM.jpg?resize=768%2C491&amp;ssl=1 768w, https:\/\/i0.wp.com\/www.madomotic.fr\/wp-content\/uploads\/2021\/09\/Light-AlarM-LAM.jpg?resize=600%2C383&amp;ssl=1 600w\" sizes=\"(max-width: 775px) 100vw, 775px\" data-recalc-dims=\"1\" \/><figcaption id=\"caption-attachment-5884\" class=\"wp-caption-text\">Light AlarM LAM<\/figcaption><\/figure>\n<p><a href=\"https:\/\/www.madomotic.fr\/index.php\/2021\/08\/22\/nouvelle-gamme-des-voyants-lumineux-light-alarm-lam\/\" target=\"_blank\" rel=\"noopener noreferrer\">Plus de d\u00e9tails sur les fonctionnalit\u00e9s et API<\/a>.<\/p>\n","protected":false},"excerpt":{"rendered":"<p>T\u00e9moin lumineux fonctionnant en WiFi, pilotable par une box domotique comme l\u2019eedomus, Jeedom, Domoticz, \u2026, ou par un IPX.<\/p>\n","protected":false},"featured_media":5895,"comment_status":"open","ping_status":"closed","template":"","meta":[],"product_cat":[20,25],"product_tag":[],"jetpack_sharing_enabled":true,"jetpack-related-posts":[],"_links":{"self":[{"href":"https:\/\/www.madomotic.fr\/index.php\/wp-json\/wp\/v2\/product\/271"}],"collection":[{"href":"https:\/\/www.madomotic.fr\/index.php\/wp-json\/wp\/v2\/product"}],"about":[{"href":"https:\/\/www.madomotic.fr\/index.php\/wp-json\/wp\/v2\/types\/product"}],"replies":[{"embeddable":true,"href":"https:\/\/www.madomotic.fr\/index.php\/wp-json\/wp\/v2\/comments?post=271"}],"wp:featuredmedia":[{"embeddable":true,"href":"https:\/\/www.madomotic.fr\/index.php\/wp-json\/wp\/v2\/media\/5895"}],"wp:attachment":[{"href":"https:\/\/www.madomotic.fr\/index.php\/wp-json\/wp\/v2\/media?parent=271"}],"wp:term":[{"taxonomy":"product_cat","embeddable":true,"href":"https:\/\/www.madomotic.fr\/index.php\/wp-json\/wp\/v2\/product_cat?post=271"},{"taxonomy":"product_tag","embeddable":true,"href":"https:\/\/www.madomotic.fr\/index.php\/wp-json\/wp\/v2\/product_tag?post=271"}],"curies":[{"name":"wp","href":"https:\/\/api.w.org\/{rel}","templated":true}]}}