{"id":196,"date":"2019-01-04T17:24:03","date_gmt":"2019-01-04T16:24:03","guid":{"rendered":"https:\/\/www.madomotic.fr\/?post_type=product&#038;p=196"},"modified":"2025-08-22T11:26:18","modified_gmt":"2025-08-22T09:26:18","slug":"support-pour-fibaro-fgfs-101","status":"publish","type":"product","link":"https:\/\/www.madomotic.fr\/index.php\/produit\/support-pour-fibaro-fgfs-101\/","title":{"rendered":"Support pour Fibaro FGFS-101"},"content":{"rendered":"<p>Support pour accrocher un d\u00e9tecteur d&#8217;inondation Fibaro FGFS-101.<br \/>\nImpression 3D en PLA.<\/p>\n<p><strong>D\u00e9tecteur FGFS-101 non fourni ainsi que la cordelette.<\/strong><\/p>\n<p>Avec ce support vous pouvez facilement placer un d\u00e9tecteur d&#8217;inondation Fibaro FGFS-101 sous un \u00e9vier, une baignoire, derri\u00e8re un ballon d&#8217;eau chaude ou bien dans des endroits difficiles d&#8217;acc\u00e8s comme une tr\u00e9mie.<\/p>\n<div style=\"width: 640px;\" class=\"wp-video\"><!--[if lt IE 9]><script>document.createElement('video');<\/script><![endif]-->\n<video class=\"wp-video-shortcode\" id=\"video-196-1\" width=\"640\" height=\"480\" loop=\"1\" autoplay=\"1\" preload=\"metadata\" controls=\"controls\"><source type=\"video\/mp4\" src=\"https:\/\/www.madomotic.fr\/wp-content\/uploads\/2019\/01\/FGFS-101.mp4?_=1\" \/><a href=\"https:\/\/www.madomotic.fr\/wp-content\/uploads\/2019\/01\/FGFS-101.mp4\">https:\/\/www.madomotic.fr\/wp-content\/uploads\/2019\/01\/FGFS-101.mp4<\/a><\/video><\/div>\n<p>&nbsp;<\/p>\n","protected":false},"excerpt":{"rendered":"<p>Support pour accocher un d\u00e9tecteur d&#8217;inondation Fibaro FGFS-101.<\/p>\n","protected":false},"featured_media":197,"comment_status":"open","ping_status":"closed","template":"","meta":[],"product_cat":[20,21],"product_tag":[],"jetpack_sharing_enabled":true,"jetpack-related-posts":[],"_links":{"self":[{"href":"https:\/\/www.madomotic.fr\/index.php\/wp-json\/wp\/v2\/product\/196"}],"collection":[{"href":"https:\/\/www.madomotic.fr\/index.php\/wp-json\/wp\/v2\/product"}],"about":[{"href":"https:\/\/www.madomotic.fr\/index.php\/wp-json\/wp\/v2\/types\/product"}],"replies":[{"embeddable":true,"href":"https:\/\/www.madomotic.fr\/index.php\/wp-json\/wp\/v2\/comments?post=196"}],"wp:featuredmedia":[{"embeddable":true,"href":"https:\/\/www.madomotic.fr\/index.php\/wp-json\/wp\/v2\/media\/197"}],"wp:attachment":[{"href":"https:\/\/www.madomotic.fr\/index.php\/wp-json\/wp\/v2\/media?parent=196"}],"wp:term":[{"taxonomy":"product_cat","embeddable":true,"href":"https:\/\/www.madomotic.fr\/index.php\/wp-json\/wp\/v2\/product_cat?post=196"},{"taxonomy":"product_tag","embeddable":true,"href":"https:\/\/www.madomotic.fr\/index.php\/wp-json\/wp\/v2\/product_tag?post=196"}],"curies":[{"name":"wp","href":"https:\/\/api.w.org\/{rel}","templated":true}]}}