{"id":170,"date":"2018-12-31T17:59:01","date_gmt":"2018-12-31T16:59:01","guid":{"rendered":"https:\/\/www.madomotic.fr\/?post_type=product&#038;p=170"},"modified":"2025-08-22T11:27:20","modified_gmt":"2025-08-22T09:27:20","slug":"interrupteur-au-pied-z-wave","status":"publish","type":"product","link":"https:\/\/www.madomotic.fr\/index.php\/produit\/interrupteur-au-pied-z-wave\/","title":{"rendered":"Interrupteur au pied Z-Wave \/ EnOcean \/ Zigbee \/ WiFi"},"content":{"rendered":"<p>Interrupteur au pied pour actionneur Z-Wave (Fibaro ou Qubino), EnOcean (NodOn \/ Evology), Zigbee (NodOn \/ Sonoff ZBMINI) ou WiFi (Sonoff MINIR2 \/ Shelly 1\/2\/i3).<br \/>\nImpression 3D en PLA de couleur noir avec un interrupteur monostable (poussoir) ou bistable (2 positions on \/ off \u00e0 bascule) au choix suivant votre actionneur et straps de 0.75mm2 pour les raccordements \u00e9lectriques.<\/p>\n<p>L&#8217;actionneur ne doit pas exc\u00e9der en mm 47 x 44 et 20 d&#8217;\u00e9paisseur, en cas de doute contactez-nous.<\/p>\n<p><strong>Ne sont pas fournis, l&#8217;actionneur, Bypass, cordons \u00e9lectriques et lampadaire, assistance au param\u00e9trage de l&#8217;actionneur et de box domotique.<\/strong><\/p>\n<p>Pour la fourniture d&#8217;un actionneur au choix, avec ou sans Bypass, cordon d&#8217;alimentation et assistance au param\u00e9trage de l&#8217;actionneur, veuillez utiliser le formulaire de contact afin d&#8217;obtenir un devis adapt\u00e9 \u00e0 votre besoin.<\/p>\n<p><strong>Dimensions<\/strong> : 8 cm de largeur x 12 cm de longueur x 4,5 cm de hauteur<\/p>\n<div style=\"width: 640px;\" class=\"wp-video\"><!--[if lt IE 9]><script>document.createElement('video');<\/script><![endif]-->\n<video class=\"wp-video-shortcode\" id=\"video-170-1\" width=\"640\" height=\"480\" loop=\"1\" autoplay=\"1\" preload=\"metadata\" controls=\"controls\"><source type=\"video\/mp4\" src=\"https:\/\/www.madomotic.fr\/wp-content\/uploads\/2018\/12\/Interrupteur-pied-Z-Wave.mp4?_=1\" \/><a href=\"https:\/\/www.madomotic.fr\/wp-content\/uploads\/2018\/12\/Interrupteur-pied-Z-Wave.mp4\">https:\/\/www.madomotic.fr\/wp-content\/uploads\/2018\/12\/Interrupteur-pied-Z-Wave.mp4<\/a><\/video><\/div>\n<p><a href=\"https:\/\/www.madomotic.fr\/index.php\/2018\/12\/23\/interrupteur-au-pied\/\" target=\"_blank\" rel=\"noopener noreferrer\">Voir le d\u00e9tail du produit.<\/a><\/p>\n","protected":false},"excerpt":{"rendered":"<p>Interrupteur au pied pour actionneur Z-Wave Fibaro ou Qubino, EnOcean, Zigbee ou WiFi.<\/p>\n","protected":false},"featured_media":70,"comment_status":"open","ping_status":"closed","template":"","meta":[],"product_cat":[20,21],"product_tag":[],"jetpack_sharing_enabled":true,"jetpack-related-posts":[],"_links":{"self":[{"href":"https:\/\/www.madomotic.fr\/index.php\/wp-json\/wp\/v2\/product\/170"}],"collection":[{"href":"https:\/\/www.madomotic.fr\/index.php\/wp-json\/wp\/v2\/product"}],"about":[{"href":"https:\/\/www.madomotic.fr\/index.php\/wp-json\/wp\/v2\/types\/product"}],"replies":[{"embeddable":true,"href":"https:\/\/www.madomotic.fr\/index.php\/wp-json\/wp\/v2\/comments?post=170"}],"wp:featuredmedia":[{"embeddable":true,"href":"https:\/\/www.madomotic.fr\/index.php\/wp-json\/wp\/v2\/media\/70"}],"wp:attachment":[{"href":"https:\/\/www.madomotic.fr\/index.php\/wp-json\/wp\/v2\/media?parent=170"}],"wp:term":[{"taxonomy":"product_cat","embeddable":true,"href":"https:\/\/www.madomotic.fr\/index.php\/wp-json\/wp\/v2\/product_cat?post=170"},{"taxonomy":"product_tag","embeddable":true,"href":"https:\/\/www.madomotic.fr\/index.php\/wp-json\/wp\/v2\/product_tag?post=170"}],"curies":[{"name":"wp","href":"https:\/\/api.w.org\/{rel}","templated":true}]}}