{"id":1010,"date":"2019-09-09T20:13:31","date_gmt":"2019-09-09T18:13:31","guid":{"rendered":"https:\/\/www.madomotic.fr\/?post_type=product&#038;p=1010"},"modified":"2025-08-22T11:25:03","modified_gmt":"2025-08-22T09:25:03","slug":"kit-diy-rac2-radiation-counter-v2","status":"publish","type":"product","link":"https:\/\/www.madomotic.fr\/index.php\/produit\/kit-diy-rac2-radiation-counter-v2\/","title":{"rendered":"Kit DIY RAC2 &#8211; RAdiation Counter v2"},"content":{"rendered":"<p>Compteur de radiation (ou Geiger) Wifi qui permet, suivant la carte \u00e0 tube optionnelle connect\u00e9e, de mesurer les rayons b\u00eata et gamma, voir alpha.<\/p>\n<p>&nbsp;<\/p>\n<p>Ce kit est compos\u00e9 d&#8217;une carte ESP8266 Wifi pr\u00e9programm\u00e9e, d&#8217;une led pour un affichage du vert au rouge suivant les seuils de radiation, d&#8217;un connecteur pour une carte \u00e0 tube, d&#8217;un c\u00e2ble USB et d&#8217;une alimentation 5 volts 2 amp\u00e8res.<\/p>\n<p>La carte \u00e0 tube n&#8217;est pas fournie, pas de boitier non plus.<\/p>\n<p>Pour l&#8217;instant la carte \u00e0 tube pr\u00e9conis\u00e9e est une RadiationD v1.1 CAJOE que vous achetez ind\u00e9pendamment sur <a href=\"https:\/\/www.amazon.fr\/s?k=geiger+diy+assembl%C3%A9&amp;__mk_fr_FR=%C3%85M%C3%85%C5%BD%C3%95%C3%91&amp;ref=nb_sb_noss\" target=\"_blank\" rel=\"noreferrer noopener\" aria-label=\"Amazon (s\u2019ouvre dans un nouvel onglet)\">Amazon<\/a>, <a href=\"https:\/\/www.ebay.fr\/sch\/i.html?_from=R40&amp;_trksid=m570.l1313&amp;_nkw=geiger+diy+assembl%C3%A9&amp;_sacat=0\" target=\"_blank\" rel=\"noreferrer noopener\" aria-label=\"eBay (s\u2019ouvre dans un nouvel onglet)\">eBay<\/a>, <a href=\"https:\/\/fr.aliexpress.com\/premium\/geiger-diy-assembl%25C3%25A9.html\" target=\"_blank\" rel=\"noreferrer noopener\" aria-label=\"AliExpress (s\u2019ouvre dans un nouvel onglet)\">AliExpress<\/a>, Banggood &#8230; (choisissiez une carte d\u00e9j\u00e0 assembl\u00e9e si non vous devrez jouer du fer \u00e0 souder).<\/p>\n<p>Le logiciel embarqu\u00e9 sur l&#8217;ESP8266 utilise une interface adaptative smartphone, tablette, PC permettant tous les param\u00e9trages n\u00e9cessaires au bon fonctionnement du compteur de radiation.<br \/>\nDot\u00e9 d&#8217;API, il s&#8217;interface facilement avec une box domotique.<br \/>\nRetrouvez le concept et sujet de discussion sur le <a href=\"https:\/\/forum.eedomus.com\/viewtopic.php?f=57&amp;t=8804\" target=\"_blank\" rel=\"noopener noreferrer\">forum eedomus<\/a>.<\/p>\n<p><a href=\"https:\/\/www.madomotic.fr\/index.php\/2019\/11\/03\/kit-diy-rac2-radiation-counter-v2-ou-geiger\/\" target=\"_blank\" rel=\"noopener noreferrer\">Plus de d\u00e9tails sur les fonctionnalit\u00e9s et API<\/a>.<\/p>\n","protected":false},"excerpt":{"rendered":"<p>Compteur de radiation (ou Geiger) Wifi qui permet, suivant la carte \u00e0 tube optionnelle connect\u00e9e, de mesurer les rayons b\u00eata et gamma, voir alpha. &nbsp; Ce kit est compos\u00e9 d&#8217;une carte ESP8266 Wifi pr\u00e9programm\u00e9e, d&#8217;une led pour un affichage du vert au rouge suivant les seuils de radiation, d&#8217;un connecteur pour une carte \u00e0 tube, [&hellip;]<\/p>\n","protected":false},"featured_media":1031,"comment_status":"open","ping_status":"closed","template":"","meta":[],"product_cat":[20,25],"product_tag":[],"jetpack_sharing_enabled":true,"jetpack-related-posts":[],"_links":{"self":[{"href":"https:\/\/www.madomotic.fr\/index.php\/wp-json\/wp\/v2\/product\/1010"}],"collection":[{"href":"https:\/\/www.madomotic.fr\/index.php\/wp-json\/wp\/v2\/product"}],"about":[{"href":"https:\/\/www.madomotic.fr\/index.php\/wp-json\/wp\/v2\/types\/product"}],"replies":[{"embeddable":true,"href":"https:\/\/www.madomotic.fr\/index.php\/wp-json\/wp\/v2\/comments?post=1010"}],"wp:featuredmedia":[{"embeddable":true,"href":"https:\/\/www.madomotic.fr\/index.php\/wp-json\/wp\/v2\/media\/1031"}],"wp:attachment":[{"href":"https:\/\/www.madomotic.fr\/index.php\/wp-json\/wp\/v2\/media?parent=1010"}],"wp:term":[{"taxonomy":"product_cat","embeddable":true,"href":"https:\/\/www.madomotic.fr\/index.php\/wp-json\/wp\/v2\/product_cat?post=1010"},{"taxonomy":"product_tag","embeddable":true,"href":"https:\/\/www.madomotic.fr\/index.php\/wp-json\/wp\/v2\/product_tag?post=1010"}],"curies":[{"name":"wp","href":"https:\/\/api.w.org\/{rel}","templated":true}]}}